{"id":6029,"date":"2024-01-18T10:22:15","date_gmt":"2024-01-18T10:22:15","guid":{"rendered":"https:\/\/peipsi.alfabeet.ee\/tingimused\/"},"modified":"2024-11-01T12:11:40","modified_gmt":"2024-11-01T12:11:40","slug":"booking-conditions","status":"publish","type":"page","link":"https:\/\/rannamajacumulus.ee\/en\/booking-conditions\/","title":{"rendered":"Booking conditions"},"content":{"rendered":"\r\n<h4 class=\"wp-block-heading\"><strong>1. Broneering<\/strong><\/h4>\r\n\r\n<p class=\"\">Broneerides Rannamaja Cumulus kodumajutuses on v\u00f5imalik rentida ainult tervet maja. Harilikult on mininaalne rendiaeg 2 \u00f6\u00f6d. Maja juurde kuuluvad terrass, hooviala, grill, t\u00fcnnisaun. Randa viib trepp on naabritega \u00fchiskasutuses ja avalik maa.<br \/><br \/>Broneeringu kinnitab harilikult 50% ettemaksu kogu broneeringu maksumusest. Enne saabumist ootame kogu maksumust broneeritud kuup\u00e4evade kohta.<\/p>\r\n<p class=\"\">Broneerides arvega majutuse eest tuleb kinni pidada arve t\u00e4htp\u00e4evast, maksmata j\u00e4tmisel v\u00f5ime t\u00fchistada teie broneeringu. Anname alati meeldetuletuse ka e-maili v\u00f5i telefoni teel teada, kuid seej\u00e4rel tuleks hea tavana arve tasuda v\u00e4hemalt 24 tunni jooksul.\u00a0<\/p>\r\n<h4><strong>2. Broneeringu kellaaeg<\/strong><\/h4>\r\n<p class=\"\">Check-in on meie majutuses harilikult kell 14:00 PM ja check-out kell 12.00.<br \/>Soovi korral on v\u00f5imalik kokku leppida ka teised saabumise ja lahkumise kellajad.<\/p>\r\n<h4><strong>3. Broneeringu t\u00fchistamine<\/strong><\/h4>\r\n<p class=\"\">Broneeringut saab kuni 2 n\u00e4dalat t\u00fchistada tasuta. Juhul kui broneerite maja kolm p\u00e4eva enne tulekut, ei ole v\u00f5imalik broneeringut t\u00fchistada.<\/p>\r\n<h4><strong>4. Broneeringu muutmine ja edasi andmine<\/strong><\/h4>\r\n<p class=\"\">Muudatusteks v\u00f5ib olla inimeste arv majutuses. Kui soovite broneeringut kirjutada kellegi teise nimele, siis andke meile sellest teada rannamajacumulus@gmail.com v\u00f5i +372 56 222 327.<\/p>\r\n<h4><strong>5. Koduloomad<\/strong><\/h4>\r\n<p class=\"\">H\u00e4stik\u00e4ituvad koduloomad on oodatud! Loomadel ei ole lubatud olla \u00fcksinda ruumis, kui omanik on lahkunud majutusest ja pererahvas ei vastuta k\u00fclaliste koduloomade eest. Kui koduloom rikub meie kodumajutuses vara, v\u00f5ime selle eest esitada kogu v\u00f5i osalise arve.<\/p>\r\n<h4><strong>6. Vastutus<\/strong><\/h4>\r\n<p class=\"\">Eeldame k\u00f5igilt k\u00fclalistelt viisakat ja heaperemehelikku k\u00e4itumisnormide j\u00e4rgmist. Majutuse ajal tekkinud varaline kahju korral, on rannamaja Cumulus omanikel \u00f5igus esitada kahjun\u00f5u maja rentinud ja vastutava isiku vastu.<\/p>\r\n<p>K\u00f5rvaliste isikute v\u00f5i teenuspakkujate poolt p\u00f5hjustatud kahju korral, vastutab samuti tekkinud kahju eest maja rentinud isik.<\/p>\r\n<p class=\"\">Palume tekkimise korral palume kohe helistada +372 56 222 327.<\/p>\r\n<p class=\"\">Antud meelespea on koostatud heatahtlikuse alusel ning oleme \u00e4\u00e4retult t\u00e4nulikud k\u00f5ikide toredate klientide eest, kes varasemalt maja on k\u00fclastanud! Oma soovidest ja plaanide muutustest v\u00f5ib vabalt teada anda &#8211; oleme paindlikud ja vajadusel saab kokku leppida eritingimused, s\u00f5ltuvalt \u00fcrituse eesm\u00e4rgist.<\/p>\r\n","protected":false},"excerpt":{"rendered":"<p>1. Broneering Broneerides Rannamaja Cumulus kodumajutuses on v\u00f5imalik rentida ainult tervet maja. Harilikult on mininaalne rendiaeg 2 \u00f6\u00f6d. Maja juurde kuuluvad terrass, hooviala, grill, t\u00fcnnisaun. Randa viib trepp on naabritega \u00fchiskasutuses ja avalik maa. Broneeringu kinnitab harilikult 50% ettemaksu kogu broneeringu maksumusest. Enne saabumist ootame kogu maksumust broneeritud kuup\u00e4evade kohta. Broneerides arvega majutuse eest tuleb [&hellip;]<\/p>\n","protected":false},"author":1,"featured_media":5801,"parent":0,"menu_order":0,"comment_status":"closed","ping_status":"closed","template":"","meta":{"footnotes":""},"class_list":["post-6029","page","type-page","status-publish","has-post-thumbnail","hentry"],"yoast_head":"<!-- This site is optimized with the Yoast SEO plugin v27.4 - https:\/\/yoast.com\/product\/yoast-seo-wordpress\/ -->\n<title>Booking conditions - Rannamaja Cumulus<\/title>\n<meta name=\"robots\" content=\"index, follow, max-snippet:-1, max-image-preview:large, max-video-preview:-1\" \/>\n<link rel=\"canonical\" href=\"https:\/\/rannamajacumulus.ee\/tingimused\/\" \/>\n<meta property=\"og:locale\" content=\"en_US\" \/>\n<meta property=\"og:type\" content=\"article\" \/>\n<meta property=\"og:title\" content=\"Booking conditions - Rannamaja Cumulus\" \/>\n<meta property=\"og:description\" content=\"1. Broneering Broneerides Rannamaja Cumulus kodumajutuses on v\u00f5imalik rentida ainult tervet maja. Harilikult on mininaalne rendiaeg 2 \u00f6\u00f6d. Maja juurde kuuluvad terrass, hooviala, grill, t\u00fcnnisaun. Randa viib trepp on naabritega \u00fchiskasutuses ja avalik maa. Broneeringu kinnitab harilikult 50% ettemaksu kogu broneeringu maksumusest. Enne saabumist ootame kogu maksumust broneeritud kuup\u00e4evade kohta. Broneerides arvega majutuse eest tuleb [&hellip;]\" \/>\n<meta property=\"og:url\" content=\"https:\/\/rannamajacumulus.ee\/tingimused\/\" \/>\n<meta property=\"og:site_name\" content=\"Rannamaja Cumulus\" \/>\n<meta property=\"article:publisher\" content=\"https:\/\/www.facebook.com\/rannamajacumulus\/?locale=et_EE\" \/>\n<meta property=\"article:modified_time\" content=\"2024-11-01T12:11:40+00:00\" \/>\n<meta property=\"og:image\" content=\"https:\/\/rannamajacumulus.ee\/wp-content\/uploads\/2021\/06\/TTUN3774.jpg\" \/>\n\t<meta property=\"og:image:width\" content=\"2560\" \/>\n\t<meta property=\"og:image:height\" content=\"1920\" \/>\n\t<meta property=\"og:image:type\" content=\"image\/jpeg\" \/>\n<meta name=\"twitter:card\" content=\"summary_large_image\" \/>\n<meta name=\"twitter:label1\" content=\"Est. reading time\" \/>\n\t<meta name=\"twitter:data1\" content=\"2 minutes\" \/>\n<script type=\"application\/ld+json\" class=\"yoast-schema-graph\">{\"@context\":\"https:\\\/\\\/schema.org\",\"@graph\":[{\"@type\":\"WebPage\",\"@id\":\"https:\\\/\\\/rannamajacumulus.ee\\\/tingimused\\\/\",\"url\":\"https:\\\/\\\/rannamajacumulus.ee\\\/tingimused\\\/\",\"name\":\"Booking conditions - Rannamaja Cumulus\",\"isPartOf\":{\"@id\":\"https:\\\/\\\/rannamajacumulus.ee\\\/#website\"},\"primaryImageOfPage\":{\"@id\":\"https:\\\/\\\/rannamajacumulus.ee\\\/tingimused\\\/#primaryimage\"},\"image\":{\"@id\":\"https:\\\/\\\/rannamajacumulus.ee\\\/tingimused\\\/#primaryimage\"},\"thumbnailUrl\":\"https:\\\/\\\/rannamajacumulus.ee\\\/wp-content\\\/uploads\\\/2021\\\/06\\\/TTUN3774.jpg\",\"datePublished\":\"2024-01-18T10:22:15+00:00\",\"dateModified\":\"2024-11-01T12:11:40+00:00\",\"breadcrumb\":{\"@id\":\"https:\\\/\\\/rannamajacumulus.ee\\\/tingimused\\\/#breadcrumb\"},\"inLanguage\":\"en-US\",\"potentialAction\":[{\"@type\":\"ReadAction\",\"target\":[\"https:\\\/\\\/rannamajacumulus.ee\\\/tingimused\\\/\"]}]},{\"@type\":\"ImageObject\",\"inLanguage\":\"en-US\",\"@id\":\"https:\\\/\\\/rannamajacumulus.ee\\\/tingimused\\\/#primaryimage\",\"url\":\"https:\\\/\\\/rannamajacumulus.ee\\\/wp-content\\\/uploads\\\/2021\\\/06\\\/TTUN3774.jpg\",\"contentUrl\":\"https:\\\/\\\/rannamajacumulus.ee\\\/wp-content\\\/uploads\\\/2021\\\/06\\\/TTUN3774.jpg\",\"width\":2560,\"height\":1920},{\"@type\":\"BreadcrumbList\",\"@id\":\"https:\\\/\\\/rannamajacumulus.ee\\\/tingimused\\\/#breadcrumb\",\"itemListElement\":[{\"@type\":\"ListItem\",\"position\":1,\"name\":\"Home\",\"item\":\"https:\\\/\\\/rannamajacumulus.ee\\\/\"},{\"@type\":\"ListItem\",\"position\":2,\"name\":\"Booking conditions\"}]},{\"@type\":\"WebSite\",\"@id\":\"https:\\\/\\\/rannamajacumulus.ee\\\/#website\",\"url\":\"https:\\\/\\\/rannamajacumulus.ee\\\/\",\"name\":\"Rannamaja Cumulus\",\"description\":\"Puhkemaja Peipsi p&otilde;hjakaldal, Alaj&otilde;e k&uuml;las\",\"publisher\":{\"@id\":\"https:\\\/\\\/rannamajacumulus.ee\\\/#organization\"},\"potentialAction\":[{\"@type\":\"SearchAction\",\"target\":{\"@type\":\"EntryPoint\",\"urlTemplate\":\"https:\\\/\\\/rannamajacumulus.ee\\\/?s={search_term_string}\"},\"query-input\":{\"@type\":\"PropertyValueSpecification\",\"valueRequired\":true,\"valueName\":\"search_term_string\"}}],\"inLanguage\":\"en-US\"},{\"@type\":\"Organization\",\"@id\":\"https:\\\/\\\/rannamajacumulus.ee\\\/#organization\",\"name\":\"Rannamaja Cumulus\",\"url\":\"https:\\\/\\\/rannamajacumulus.ee\\\/\",\"logo\":{\"@type\":\"ImageObject\",\"inLanguage\":\"en-US\",\"@id\":\"https:\\\/\\\/rannamajacumulus.ee\\\/#\\\/schema\\\/logo\\\/image\\\/\",\"url\":\"https:\\\/\\\/rannamajacumulus.ee\\\/wp-content\\\/uploads\\\/2024\\\/05\\\/rannamaja-cumulus-logo-1.svg\",\"contentUrl\":\"https:\\\/\\\/rannamajacumulus.ee\\\/wp-content\\\/uploads\\\/2024\\\/05\\\/rannamaja-cumulus-logo-1.svg\",\"width\":292,\"height\":257,\"caption\":\"Rannamaja Cumulus\"},\"image\":{\"@id\":\"https:\\\/\\\/rannamajacumulus.ee\\\/#\\\/schema\\\/logo\\\/image\\\/\"},\"sameAs\":[\"https:\\\/\\\/www.facebook.com\\\/rannamajacumulus\\\/?locale=et_EE\",\"https:\\\/\\\/www.instagram.com\\\/cumulus_rannamaja\\\/\"]}]}<\/script>\n<!-- \/ Yoast SEO plugin. -->","yoast_head_json":{"title":"Booking conditions - Rannamaja Cumulus","robots":{"index":"index","follow":"follow","max-snippet":"max-snippet:-1","max-image-preview":"max-image-preview:large","max-video-preview":"max-video-preview:-1"},"canonical":"https:\/\/rannamajacumulus.ee\/tingimused\/","og_locale":"en_US","og_type":"article","og_title":"Booking conditions - Rannamaja Cumulus","og_description":"1. Broneering Broneerides Rannamaja Cumulus kodumajutuses on v\u00f5imalik rentida ainult tervet maja. Harilikult on mininaalne rendiaeg 2 \u00f6\u00f6d. Maja juurde kuuluvad terrass, hooviala, grill, t\u00fcnnisaun. Randa viib trepp on naabritega \u00fchiskasutuses ja avalik maa. Broneeringu kinnitab harilikult 50% ettemaksu kogu broneeringu maksumusest. Enne saabumist ootame kogu maksumust broneeritud kuup\u00e4evade kohta. Broneerides arvega majutuse eest tuleb [&hellip;]","og_url":"https:\/\/rannamajacumulus.ee\/tingimused\/","og_site_name":"Rannamaja Cumulus","article_publisher":"https:\/\/www.facebook.com\/rannamajacumulus\/?locale=et_EE","article_modified_time":"2024-11-01T12:11:40+00:00","og_image":[{"width":2560,"height":1920,"url":"https:\/\/rannamajacumulus.ee\/wp-content\/uploads\/2021\/06\/TTUN3774.jpg","type":"image\/jpeg"}],"twitter_card":"summary_large_image","twitter_misc":{"Est. reading time":"2 minutes"},"schema":{"@context":"https:\/\/schema.org","@graph":[{"@type":"WebPage","@id":"https:\/\/rannamajacumulus.ee\/tingimused\/","url":"https:\/\/rannamajacumulus.ee\/tingimused\/","name":"Booking conditions - Rannamaja Cumulus","isPartOf":{"@id":"https:\/\/rannamajacumulus.ee\/#website"},"primaryImageOfPage":{"@id":"https:\/\/rannamajacumulus.ee\/tingimused\/#primaryimage"},"image":{"@id":"https:\/\/rannamajacumulus.ee\/tingimused\/#primaryimage"},"thumbnailUrl":"https:\/\/rannamajacumulus.ee\/wp-content\/uploads\/2021\/06\/TTUN3774.jpg","datePublished":"2024-01-18T10:22:15+00:00","dateModified":"2024-11-01T12:11:40+00:00","breadcrumb":{"@id":"https:\/\/rannamajacumulus.ee\/tingimused\/#breadcrumb"},"inLanguage":"en-US","potentialAction":[{"@type":"ReadAction","target":["https:\/\/rannamajacumulus.ee\/tingimused\/"]}]},{"@type":"ImageObject","inLanguage":"en-US","@id":"https:\/\/rannamajacumulus.ee\/tingimused\/#primaryimage","url":"https:\/\/rannamajacumulus.ee\/wp-content\/uploads\/2021\/06\/TTUN3774.jpg","contentUrl":"https:\/\/rannamajacumulus.ee\/wp-content\/uploads\/2021\/06\/TTUN3774.jpg","width":2560,"height":1920},{"@type":"BreadcrumbList","@id":"https:\/\/rannamajacumulus.ee\/tingimused\/#breadcrumb","itemListElement":[{"@type":"ListItem","position":1,"name":"Home","item":"https:\/\/rannamajacumulus.ee\/"},{"@type":"ListItem","position":2,"name":"Booking conditions"}]},{"@type":"WebSite","@id":"https:\/\/rannamajacumulus.ee\/#website","url":"https:\/\/rannamajacumulus.ee\/","name":"Rannamaja Cumulus","description":"Puhkemaja Peipsi p&otilde;hjakaldal, Alaj&otilde;e k&uuml;las","publisher":{"@id":"https:\/\/rannamajacumulus.ee\/#organization"},"potentialAction":[{"@type":"SearchAction","target":{"@type":"EntryPoint","urlTemplate":"https:\/\/rannamajacumulus.ee\/?s={search_term_string}"},"query-input":{"@type":"PropertyValueSpecification","valueRequired":true,"valueName":"search_term_string"}}],"inLanguage":"en-US"},{"@type":"Organization","@id":"https:\/\/rannamajacumulus.ee\/#organization","name":"Rannamaja Cumulus","url":"https:\/\/rannamajacumulus.ee\/","logo":{"@type":"ImageObject","inLanguage":"en-US","@id":"https:\/\/rannamajacumulus.ee\/#\/schema\/logo\/image\/","url":"https:\/\/rannamajacumulus.ee\/wp-content\/uploads\/2024\/05\/rannamaja-cumulus-logo-1.svg","contentUrl":"https:\/\/rannamajacumulus.ee\/wp-content\/uploads\/2024\/05\/rannamaja-cumulus-logo-1.svg","width":292,"height":257,"caption":"Rannamaja Cumulus"},"image":{"@id":"https:\/\/rannamajacumulus.ee\/#\/schema\/logo\/image\/"},"sameAs":["https:\/\/www.facebook.com\/rannamajacumulus\/?locale=et_EE","https:\/\/www.instagram.com\/cumulus_rannamaja\/"]}]}},"_links":{"self":[{"href":"https:\/\/rannamajacumulus.ee\/en\/wp-json\/wp\/v2\/pages\/6029","targetHints":{"allow":["GET"]}}],"collection":[{"href":"https:\/\/rannamajacumulus.ee\/en\/wp-json\/wp\/v2\/pages"}],"about":[{"href":"https:\/\/rannamajacumulus.ee\/en\/wp-json\/wp\/v2\/types\/page"}],"author":[{"embeddable":true,"href":"https:\/\/rannamajacumulus.ee\/en\/wp-json\/wp\/v2\/users\/1"}],"replies":[{"embeddable":true,"href":"https:\/\/rannamajacumulus.ee\/en\/wp-json\/wp\/v2\/comments?post=6029"}],"version-history":[{"count":2,"href":"https:\/\/rannamajacumulus.ee\/en\/wp-json\/wp\/v2\/pages\/6029\/revisions"}],"predecessor-version":[{"id":6072,"href":"https:\/\/rannamajacumulus.ee\/en\/wp-json\/wp\/v2\/pages\/6029\/revisions\/6072"}],"wp:featuredmedia":[{"embeddable":true,"href":"https:\/\/rannamajacumulus.ee\/en\/wp-json\/wp\/v2\/media\/5801"}],"wp:attachment":[{"href":"https:\/\/rannamajacumulus.ee\/en\/wp-json\/wp\/v2\/media?parent=6029"}],"curies":[{"name":"wp","href":"https:\/\/api.w.org\/{rel}","templated":true}]}}